{"id":35,"date":"2018-12-11T00:16:06","date_gmt":"2018-12-11T00:16:06","guid":{"rendered":"https:\/\/ofenbar.divos.me\/?page_id=35"},"modified":"2019-03-07T21:29:35","modified_gmt":"2019-03-07T21:29:35","slug":"palazzetti","status":"publish","type":"page","link":"https:\/\/www.ofenbar.at\/index.php\/palazzetti\/","title":{"rendered":"Palazzetti"},"content":{"rendered":"<p>[et_pb_section fb_built=&#8221;1&#8243; _builder_version=&#8221;3.18.2&#8243; background_color=&#8221;#993333&#8243; custom_padding=&#8221;6px|0px|0|0px|false|false&#8221;][\/et_pb_section][et_pb_section fb_built=&#8221;1&#8243; admin_label=&#8221;Related Services&#8221; _builder_version=&#8221;3.9&#8243; background_color=&#8221;#f7f7f7&#8243; custom_padding=&#8221;60px|0px|60px|0px|false|false&#8221;][et_pb_row use_custom_gutter=&#8221;on&#8221; custom_padding=&#8221;30px|0px|30px|0px|false|false&#8221; custom_margin=&#8221;|||&#8221; _builder_version=&#8221;3.18.2&#8243;][et_pb_column type=&#8221;2_5&#8243; _builder_version=&#8221;3.9&#8243; parallax=&#8221;off&#8221; parallax_method=&#8221;on&#8221;][et_pb_image src=&#8221;http:\/\/www.ofenbar.at\/wp-content\/uploads\/2018\/12\/865_12_logo_noPayoff.png&#8221; align=&#8221;center&#8221; _builder_version=&#8221;3.18.2&#8243;][\/et_pb_image][et_pb_button button_url=&#8221;http:\/\/corporate.palazzettigroup.com\/de\/&#8221; button_text=&#8221;Zur Website&#8221; button_alignment=&#8221;center&#8221; _builder_version=&#8221;3.18.2&#8243;][\/et_pb_button][\/et_pb_column][et_pb_column type=&#8221;3_5&#8243; _builder_version=&#8221;3.9&#8243; parallax=&#8221;off&#8221; parallax_method=&#8221;on&#8221;][et_pb_text _builder_version=&#8221;3.18.2&#8243; border_width_all=&#8221;25px&#8221; border_color_all=&#8221;#ffffff&#8221; box_shadow_style=&#8221;preset2&#8243;]<\/p>\n<h2 class=\"titolo titolo_princ\"><span style=\"color: #800000;\">60 JAHRE<\/span> GESCHICHTE,<\/h2>\n<h2 class=\"titolo titolo_princ\">EIN UNTERNEHMEN, DREI GENERATIONEN<\/h2>\n<p><span><\/span><\/p>\n<p><span>Unsere Geschichte beginnt im Jahr 1954 in Porcia (Pordenone). Von Anfang an handelt es sich im wahrsten Sinne des Wortes um einen Familienbetrieb, der mehrere Generationen vereint, die am selben Ort gemeinsam am selben anspruchsvollen und hinrei\u00dfenden Projekt arbeiten: Wohnungen und H\u00e4user auf die nat\u00fcrlichste Art und Weise zu beheizen.<\/span><\/p>\n<p>[\/et_pb_text][\/et_pb_column][\/et_pb_row][\/et_pb_section][et_pb_section fb_built=&#8221;1&#8243; _builder_version=&#8221;3.18.2&#8243; background_color=&#8221;#993333&#8243; custom_padding=&#8221;6px|0px|0|0px|false|false&#8221;][\/et_pb_section]<\/p>\n","protected":false},"excerpt":{"rendered":"<p>[et_pb_section fb_built=&#8221;1&#8243; _builder_version=&#8221;3.18.2&#8243; background_color=&#8221;#993333&#8243; custom_padding=&#8221;6px|0px|0|0px|false|false&#8221;][\/et_pb_section][et_pb_section fb_built=&#8221;1&#8243; admin_label=&#8221;Related Services&#8221; _builder_version=&#8221;3.9&#8243; background_color=&#8221;#f7f7f7&#8243; custom_padding=&#8221;60px|0px|60px|0px|false|false&#8221;][et_pb_row use_custom_gutter=&#8221;on&#8221; custom_padding=&#8221;30px|0px|30px|0px|false|false&#8221; custom_margin=&#8221;|||&#8221; _builder_version=&#8221;3.18.2&#8243;][et_pb_column type=&#8221;2_5&#8243; _builder_version=&#8221;3.9&#8243; parallax=&#8221;off&#8221; parallax_method=&#8221;on&#8221;][et_pb_image src=&#8221;http:\/\/www.ofenbar.at\/wp-content\/uploads\/2018\/12\/865_12_logo_noPayoff.png&#8221; align=&#8221;center&#8221; _builder_version=&#8221;3.18.2&#8243;][\/et_pb_image][et_pb_button button_url=&#8221;http:\/\/corporate.palazzettigroup.com\/de\/&#8221; button_text=&#8221;Zur Website&#8221; button_alignment=&#8221;center&#8221; _builder_version=&#8221;3.18.2&#8243;][\/et_pb_button][\/et_pb_column][et_pb_column type=&#8221;3_5&#8243; _builder_version=&#8221;3.9&#8243; parallax=&#8221;off&#8221; parallax_method=&#8221;on&#8221;][et_pb_text _builder_version=&#8221;3.18.2&#8243; border_width_all=&#8221;25px&#8221; border_color_all=&#8221;#ffffff&#8221; box_shadow_style=&#8221;preset2&#8243;] 60 JAHRE GESCHICHTE, EIN UNTERNEHMEN, DREI GENERATIONEN Unsere Geschichte beginnt im Jahr 1954 in Porcia (Pordenone). Von Anfang an handelt [&hellip;]<\/p>\n","protected":false},"author":1,"featured_media":0,"parent":0,"menu_order":0,"comment_status":"closed","ping_status":"closed","template":"","meta":{"_et_pb_use_builder":"on","_et_pb_old_content":"<!-- wp:divi\/placeholder \/-->"},"_links":{"self":[{"href":"https:\/\/www.ofenbar.at\/index.php\/wp-json\/wp\/v2\/pages\/35"}],"collection":[{"href":"https:\/\/www.ofenbar.at\/index.php\/wp-json\/wp\/v2\/pages"}],"about":[{"href":"https:\/\/www.ofenbar.at\/index.php\/wp-json\/wp\/v2\/types\/page"}],"author":[{"embeddable":true,"href":"https:\/\/www.ofenbar.at\/index.php\/wp-json\/wp\/v2\/users\/1"}],"replies":[{"embeddable":true,"href":"https:\/\/www.ofenbar.at\/index.php\/wp-json\/wp\/v2\/comments?post=35"}],"version-history":[{"count":9,"href":"https:\/\/www.ofenbar.at\/index.php\/wp-json\/wp\/v2\/pages\/35\/revisions"}],"predecessor-version":[{"id":720,"href":"https:\/\/www.ofenbar.at\/index.php\/wp-json\/wp\/v2\/pages\/35\/revisions\/720"}],"wp:attachment":[{"href":"https:\/\/www.ofenbar.at\/index.php\/wp-json\/wp\/v2\/media?parent=35"}],"curies":[{"name":"wp","href":"https:\/\/api.w.org\/{rel}","templated":true}]}}