{"id":37,"date":"2018-12-11T00:16:20","date_gmt":"2018-12-11T00:16:20","guid":{"rendered":"https:\/\/ofenbar.divos.me\/?page_id=37"},"modified":"2019-03-07T22:18:11","modified_gmt":"2019-03-07T22:18:11","slug":"bef-home","status":"publish","type":"page","link":"https:\/\/www.ofenbar.at\/index.php\/bef-home\/","title":{"rendered":"BEF Home"},"content":{"rendered":"<p>[et_pb_section fb_built=&#8221;1&#8243; _builder_version=&#8221;3.18.2&#8243; background_color=&#8221;#993333&#8243; custom_padding=&#8221;6px|0px|0|0px|false|false&#8221;][\/et_pb_section][et_pb_section fb_built=&#8221;1&#8243; _builder_version=&#8221;3.18.2&#8243;][et_pb_row make_fullwidth=&#8221;on&#8221; _builder_version=&#8221;3.18.2&#8243;][et_pb_column type=&#8221;4_4&#8243; _builder_version=&#8221;3.18.2&#8243; parallax=&#8221;off&#8221; parallax_method=&#8221;on&#8221;][et_pb_slider _builder_version=&#8221;3.18.2&#8243;][et_pb_slide _builder_version=&#8221;3.18.2&#8243; background_image=&#8221;https:\/\/www.ofenbar.at\/wp-content\/uploads\/2019\/03\/index01o_de.jpg&#8221;][\/et_pb_slide][\/et_pb_slider][\/et_pb_column][\/et_pb_row][et_pb_row use_custom_gutter=&#8221;on&#8221; custom_padding=&#8221;30px|0px|30px|0px|false|false&#8221; custom_margin=&#8221;|||&#8221; _builder_version=&#8221;3.9&#8243;][et_pb_column type=&#8221;2_5&#8243; _builder_version=&#8221;3.9&#8243; parallax=&#8221;off&#8221; parallax_method=&#8221;on&#8221;][et_pb_image src=&#8221;http:\/\/www.ofenbar.at\/wp-content\/uploads\/2018\/12\/bef-logo-hersteller.jpg&#8221; _builder_version=&#8221;3.18.2&#8243;][\/et_pb_image][et_pb_button button_url=&#8221;http:\/\/www.kamine-bef.de\/&#8221; button_text=&#8221;Zur Website&#8221; button_alignment=&#8221;center&#8221; _builder_version=&#8221;3.18.2&#8243;][\/et_pb_button][\/et_pb_column][et_pb_column type=&#8221;3_5&#8243; _builder_version=&#8221;3.9&#8243; parallax=&#8221;off&#8221; parallax_method=&#8221;on&#8221;][et_pb_text _builder_version=&#8221;3.18.2&#8243; border_width_all=&#8221;25px&#8221; border_color_all=&#8221;#ffffff&#8221; box_shadow_style=&#8221;preset2&#8243;]<\/p>\n<h1 class=\"aktuality\"><span style=\"color: #800000;\">PROFIL<\/span> DER GESELLSCHAFT<\/h1>\n<p><span><\/span><\/p>\n<p>Die Firma BeF Home, s.r.o. wurde im Jahre 1998 gegr\u00fcndet. Sie hat mit der Produktion der sehr beliebten Gusskamine in der Tschechischen Republik angefangen. In Kotvrdovice, etwa 30Km n\u00f6rdlich von Brno\/Br\u00fcnn, entstand aus einer Kleinserienproduktion ein modernes Unternehmen<\/p>\n<p>Die Produktion verf\u00fcgt \u00fcber die neuesten Technologien und Maschinen auf dem h\u00f6chsten Niveau. Gro\u00dfes Gewicht wird auch auf die pr\u00e4zise Bearbeitung der hochwertigen Rohstoffe gelegt.<\/p>\n<p>Dank mehr als 200 hochqualifizierten Mitarbeitern, modernsten Technologien, eigenen Produktionskapazit\u00e4ten, sowie eigener Entwicklungsabteilung werden j\u00e4hrlich mehr als14 000 St\u00fcck von Kamineins\u00e4tzen produziert. Ein qualitativer technischer und personaler Hintergrund garantiert eine hohe Qualit\u00e4t unserer Erzeugnisse, die strengste europ\u00e4ische Normen erf\u00fcllen. Gegen 75 % der Produktion werden erfolgreich exportiert. Im Jahre 2004 entstand moderne Produktion der Steinbearbeitung, die mit den neuesten CNC- Technologien ausgestattet wurde.<\/p>\n<p>[\/et_pb_text][\/et_pb_column][\/et_pb_row][et_pb_row _builder_version=&#8221;3.18.2&#8243;][et_pb_column type=&#8221;1_4&#8243; _builder_version=&#8221;3.18.2&#8243; parallax=&#8221;off&#8221; parallax_method=&#8221;on&#8221;][et_pb_image src=&#8221;https:\/\/www.ofenbar.at\/wp-content\/uploads\/2019\/03\/aries3_m.jpg&#8221; _builder_version=&#8221;3.18.2&#8243;][\/et_pb_image][et_pb_image src=&#8221;https:\/\/www.ofenbar.at\/wp-content\/uploads\/2019\/03\/aries7e_m.jpg&#8221; _builder_version=&#8221;3.18.2&#8243;][\/et_pb_image][\/et_pb_column][et_pb_column type=&#8221;1_4&#8243; _builder_version=&#8221;3.18.2&#8243; parallax=&#8221;off&#8221; parallax_method=&#8221;on&#8221;][et_pb_image src=&#8221;https:\/\/www.ofenbar.at\/wp-content\/uploads\/2019\/03\/aries3e_m.jpg&#8221; _builder_version=&#8221;3.18.2&#8243;][\/et_pb_image][et_pb_image src=&#8221;https:\/\/www.ofenbar.at\/wp-content\/uploads\/2019\/03\/aries7er_m.jpg&#8221; _builder_version=&#8221;3.18.2&#8243;][\/et_pb_image][\/et_pb_column][et_pb_column type=&#8221;1_4&#8243; _builder_version=&#8221;3.18.2&#8243; parallax=&#8221;off&#8221; parallax_method=&#8221;on&#8221;][et_pb_image src=&#8221;https:\/\/www.ofenbar.at\/wp-content\/uploads\/2019\/03\/aries3er_m.jpg&#8221; _builder_version=&#8221;3.18.2&#8243;][\/et_pb_image][\/et_pb_column][et_pb_column type=&#8221;1_4&#8243; _builder_version=&#8221;3.18.2&#8243; parallax=&#8221;off&#8221; parallax_method=&#8221;on&#8221;][et_pb_image src=&#8221;https:\/\/www.ofenbar.at\/wp-content\/uploads\/2019\/03\/aries7_m.jpg&#8221; _builder_version=&#8221;3.18.2&#8243;][\/et_pb_image][\/et_pb_column][\/et_pb_row][\/et_pb_section][et_pb_section fb_built=&#8221;1&#8243; _builder_version=&#8221;3.18.2&#8243; background_color=&#8221;#993333&#8243; custom_padding=&#8221;6px|0px|0|0px|false|false&#8221;][\/et_pb_section]<\/p>\n","protected":false},"excerpt":{"rendered":"<p>[et_pb_section fb_built=&#8221;1&#8243; _builder_version=&#8221;3.18.2&#8243; background_color=&#8221;#993333&#8243; custom_padding=&#8221;6px|0px|0|0px|false|false&#8221;][\/et_pb_section][et_pb_section fb_built=&#8221;1&#8243; _builder_version=&#8221;3.18.2&#8243;][et_pb_row make_fullwidth=&#8221;on&#8221; _builder_version=&#8221;3.18.2&#8243;][et_pb_column type=&#8221;4_4&#8243; _builder_version=&#8221;3.18.2&#8243; parallax=&#8221;off&#8221; parallax_method=&#8221;on&#8221;][et_pb_slider _builder_version=&#8221;3.18.2&#8243;][et_pb_slide _builder_version=&#8221;3.18.2&#8243; background_image=&#8221;https:\/\/www.ofenbar.at\/wp-content\/uploads\/2019\/03\/index01o_de.jpg&#8221;][\/et_pb_slide][\/et_pb_slider][\/et_pb_column][\/et_pb_row][et_pb_row use_custom_gutter=&#8221;on&#8221; custom_padding=&#8221;30px|0px|30px|0px|false|false&#8221; custom_margin=&#8221;|||&#8221; _builder_version=&#8221;3.9&#8243;][et_pb_column type=&#8221;2_5&#8243; _builder_version=&#8221;3.9&#8243; parallax=&#8221;off&#8221; parallax_method=&#8221;on&#8221;][et_pb_image src=&#8221;http:\/\/www.ofenbar.at\/wp-content\/uploads\/2018\/12\/bef-logo-hersteller.jpg&#8221; _builder_version=&#8221;3.18.2&#8243;][\/et_pb_image][et_pb_button button_url=&#8221;http:\/\/www.kamine-bef.de\/&#8221; button_text=&#8221;Zur Website&#8221; button_alignment=&#8221;center&#8221; _builder_version=&#8221;3.18.2&#8243;][\/et_pb_button][\/et_pb_column][et_pb_column type=&#8221;3_5&#8243; _builder_version=&#8221;3.9&#8243; parallax=&#8221;off&#8221; parallax_method=&#8221;on&#8221;][et_pb_text _builder_version=&#8221;3.18.2&#8243; border_width_all=&#8221;25px&#8221; border_color_all=&#8221;#ffffff&#8221; box_shadow_style=&#8221;preset2&#8243;] PROFIL DER GESELLSCHAFT Die Firma BeF Home, s.r.o. wurde im Jahre 1998 gegr\u00fcndet. Sie hat mit [&hellip;]<\/p>\n","protected":false},"author":1,"featured_media":0,"parent":0,"menu_order":0,"comment_status":"closed","ping_status":"closed","template":"","meta":{"_et_pb_use_builder":"on","_et_pb_old_content":"<!-- wp:divi\/placeholder \/-->"},"_links":{"self":[{"href":"https:\/\/www.ofenbar.at\/index.php\/wp-json\/wp\/v2\/pages\/37"}],"collection":[{"href":"https:\/\/www.ofenbar.at\/index.php\/wp-json\/wp\/v2\/pages"}],"about":[{"href":"https:\/\/www.ofenbar.at\/index.php\/wp-json\/wp\/v2\/types\/page"}],"author":[{"embeddable":true,"href":"https:\/\/www.ofenbar.at\/index.php\/wp-json\/wp\/v2\/users\/1"}],"replies":[{"embeddable":true,"href":"https:\/\/www.ofenbar.at\/index.php\/wp-json\/wp\/v2\/comments?post=37"}],"version-history":[{"count":10,"href":"https:\/\/www.ofenbar.at\/index.php\/wp-json\/wp\/v2\/pages\/37\/revisions"}],"predecessor-version":[{"id":752,"href":"https:\/\/www.ofenbar.at\/index.php\/wp-json\/wp\/v2\/pages\/37\/revisions\/752"}],"wp:attachment":[{"href":"https:\/\/www.ofenbar.at\/index.php\/wp-json\/wp\/v2\/media?parent=37"}],"curies":[{"name":"wp","href":"https:\/\/api.w.org\/{rel}","templated":true}]}}