{"id":47,"date":"2018-12-11T00:17:26","date_gmt":"2018-12-11T00:17:26","guid":{"rendered":"https:\/\/ofenbar.divos.me\/?page_id=47"},"modified":"2019-01-30T22:09:20","modified_gmt":"2019-01-30T22:09:20","slug":"unternehmen","status":"publish","type":"page","link":"https:\/\/www.ofenbar.at\/index.php\/unternehmen\/","title":{"rendered":"Unternehmen"},"content":{"rendered":"<p>[et_pb_section fb_built=&#8221;1&#8243; admin_label=&#8221;Hero&#8221; _builder_version=&#8221;3.18.2&#8243; custom_margin=&#8221;||||false&#8221; custom_padding=&#8221;0||0||true|false&#8221;][et_pb_row custom_padding=&#8221;27px|0px|48px|0px|false|false&#8221; _builder_version=&#8221;3.12.2&#8243;][et_pb_column type=&#8221;1_4&#8243; _builder_version=&#8221;3.8&#8243; parallax=&#8221;off&#8221; parallax_method=&#8221;on&#8221;][et_pb_image src=&#8221;http:\/\/www.ofenbar.at\/wp-content\/uploads\/2018\/12\/Ofenbar-1024&#215;102422.png&#8221; _builder_version=&#8221;3.18.2&#8243; module_alignment=&#8221;center&#8221;][\/et_pb_image][\/et_pb_column][et_pb_column type=&#8221;3_4&#8243; _builder_version=&#8221;3.8&#8243; parallax=&#8221;off&#8221; parallax_method=&#8221;on&#8221;][et_pb_divider show_divider=&#8221;off&#8221; height=&#8221;57px&#8221; _builder_version=&#8221;3.18.2&#8243;][\/et_pb_divider][et_pb_text _builder_version=&#8221;3.18.2&#8243; text_font=&#8221;||||||||&#8221; text_font_size_tablet=&#8221;14px&#8221; text_font_size_last_edited=&#8221;off|desktop&#8221; header_font=&#8221;Rubik|700|||||||&#8221; header_font_size=&#8221;110px&#8221; header_font_size_tablet=&#8221;44px&#8221; header_font_size_phone=&#8221;32px&#8221; header_font_size_last_edited=&#8221;on|phone&#8221; header_line_height=&#8221;1.1em&#8221; border_color_all=&#8221;rgba(0,0,0,0)&#8221; border_width_left=&#8221;10px&#8221; background_layout=&#8221;dark&#8221; max_width=&#8221;800px&#8221; custom_margin=&#8221;||0px|&#8221; custom_padding=&#8221;|||16px&#8221; header_text_color=&#8221;#993333&#8243;]<\/p>\n<h1 style=\"text-align: center;\">Fleischer<\/h1>\n<p>[\/et_pb_text][\/et_pb_column][\/et_pb_row][\/et_pb_section][et_pb_section fb_built=&#8221;1&#8243; _builder_version=&#8221;3.18.2&#8243; background_color=&#8221;#993333&#8243; custom_padding=&#8221;6px|0px|0|0px|false|false&#8221;][\/et_pb_section][et_pb_section fb_built=&#8221;1&#8243; admin_label=&#8221;Related Services&#8221; _builder_version=&#8221;3.9&#8243; background_color=&#8221;#f7f7f7&#8243; custom_padding=&#8221;60px|0px|60px|0px|false|false&#8221;][et_pb_row use_custom_gutter=&#8221;on&#8221; custom_padding=&#8221;30px|0|30px|0px|false|false&#8221; custom_margin=&#8221;|||&#8221; _builder_version=&#8221;3.9&#8243;][et_pb_column type=&#8221;4_4&#8243; _builder_version=&#8221;3.9&#8243; parallax=&#8221;off&#8221; parallax_method=&#8221;on&#8221;][et_pb_text _builder_version=&#8221;3.18.2&#8243; text_font=&#8221;|600|||||||&#8221; text_text_color=&#8221;#000000&#8243; text_font_size=&#8221;31px&#8221;]<\/p>\n<p style=\"text-align: center;\">F\u00fcr Ihre Tr\u00e4ume Feuer und Flamme!<\/p>\n<p>[\/et_pb_text][et_pb_divider divider_weight=&#8221;3px&#8221; _builder_version=&#8221;3.18.2&#8243; max_width=&#8221;10%&#8221; module_alignment=&#8221;center&#8221;][\/et_pb_divider][et_pb_text _builder_version=&#8221;3.18.2&#8243; text_font=&#8221;||||||||&#8221; text_font_size=&#8221;18px&#8221;]<\/p>\n<p align=\"center\" style=\"text-align: center;\">Im Jahr 1970 gr\u00fcndete Friedrich Fleischer\u00a0<span>mit einfachsten Mitteln und hohem pers\u00f6nlichen Einsatz,<br \/> den ersten Standort in Wien in der Speisingerstra\u00dfe.\u00a0<\/span><\/p>\n<p align=\"center\" style=\"text-align: center;\"><span>Fritz Fleischer Junior, heute Gesch\u00e4ftsf\u00fchrer der Hafnerei Fleischer \u00fcbernahm 1991 den Familienbetrieb<br \/> und erg\u00e4nzte den Betrieb um einen weiteren Standort in Grein an der Donau.<\/span><\/p>\n<p align=\"center\" style=\"text-align: center;\">Wenig sp\u00e4ter im Jahr 1997 folgte der heutige Standort in Nieder\u00f6sterreich.<\/p>\n<p align=\"center\" style=\"text-align: center;\">Seitdem ist viel Zeit vergangen, das 50 J\u00e4hrige Jubil\u00e4um n\u00e4hert sich<br \/> und bereits die dritte Generation fasst Fu\u00df im Familienbetrieb.<\/p>\n<p align=\"center\" style=\"text-align: center;\">\n<p align=\"center\" style=\"text-align: center;\">\n<p align=\"center\" style=\"text-align: center;\">\n<h4 align=\"center\" style=\"text-align: center;\">Wir freuen uns darauf, Sie von unserer Fachkompetenz \u00fcberzeugen zu d\u00fcrfen!<\/h4>\n<p>[\/et_pb_text][\/et_pb_column][\/et_pb_row][\/et_pb_section][et_pb_section fb_built=&#8221;1&#8243; _builder_version=&#8221;3.18.2&#8243; background_color=&#8221;#993333&#8243; custom_padding=&#8221;6px|0px|0|0px|false|false&#8221;][\/et_pb_section]<\/p>\n","protected":false},"excerpt":{"rendered":"<p>[et_pb_section fb_built=&#8221;1&#8243; admin_label=&#8221;Hero&#8221; _builder_version=&#8221;3.18.2&#8243; custom_margin=&#8221;||||false&#8221; custom_padding=&#8221;0||0||true|false&#8221;][et_pb_row custom_padding=&#8221;27px|0px|48px|0px|false|false&#8221; _builder_version=&#8221;3.12.2&#8243;][et_pb_column type=&#8221;1_4&#8243; _builder_version=&#8221;3.8&#8243; parallax=&#8221;off&#8221; parallax_method=&#8221;on&#8221;][et_pb_image src=&#8221;http:\/\/www.ofenbar.at\/wp-content\/uploads\/2018\/12\/Ofenbar-1024&#215;102422.png&#8221; _builder_version=&#8221;3.18.2&#8243; module_alignment=&#8221;center&#8221;][\/et_pb_image][\/et_pb_column][et_pb_column type=&#8221;3_4&#8243; _builder_version=&#8221;3.8&#8243; parallax=&#8221;off&#8221; parallax_method=&#8221;on&#8221;][et_pb_divider show_divider=&#8221;off&#8221; height=&#8221;57px&#8221; _builder_version=&#8221;3.18.2&#8243;][\/et_pb_divider][et_pb_text _builder_version=&#8221;3.18.2&#8243; text_font=&#8221;||||||||&#8221; text_font_size_tablet=&#8221;14px&#8221; text_font_size_last_edited=&#8221;off|desktop&#8221; header_font=&#8221;Rubik|700|||||||&#8221; header_font_size=&#8221;110px&#8221; header_font_size_tablet=&#8221;44px&#8221; header_font_size_phone=&#8221;32px&#8221; header_font_size_last_edited=&#8221;on|phone&#8221; header_line_height=&#8221;1.1em&#8221; border_color_all=&#8221;rgba(0,0,0,0)&#8221; border_width_left=&#8221;10px&#8221; background_layout=&#8221;dark&#8221; max_width=&#8221;800px&#8221; custom_margin=&#8221;||0px|&#8221; custom_padding=&#8221;|||16px&#8221; header_text_color=&#8221;#993333&#8243;] Fleischer [\/et_pb_text][\/et_pb_column][\/et_pb_row][\/et_pb_section][et_pb_section fb_built=&#8221;1&#8243; _builder_version=&#8221;3.18.2&#8243; background_color=&#8221;#993333&#8243; custom_padding=&#8221;6px|0px|0|0px|false|false&#8221;][\/et_pb_section][et_pb_section fb_built=&#8221;1&#8243; admin_label=&#8221;Related Services&#8221; _builder_version=&#8221;3.9&#8243; background_color=&#8221;#f7f7f7&#8243; custom_padding=&#8221;60px|0px|60px|0px|false|false&#8221;][et_pb_row use_custom_gutter=&#8221;on&#8221; custom_padding=&#8221;30px|0|30px|0px|false|false&#8221; custom_margin=&#8221;|||&#8221; _builder_version=&#8221;3.9&#8243;][et_pb_column [&hellip;]<\/p>\n","protected":false},"author":1,"featured_media":0,"parent":0,"menu_order":0,"comment_status":"closed","ping_status":"closed","template":"","meta":{"_et_pb_use_builder":"on","_et_pb_old_content":"<!-- wp:divi\/placeholder \/-->"},"_links":{"self":[{"href":"https:\/\/www.ofenbar.at\/index.php\/wp-json\/wp\/v2\/pages\/47"}],"collection":[{"href":"https:\/\/www.ofenbar.at\/index.php\/wp-json\/wp\/v2\/pages"}],"about":[{"href":"https:\/\/www.ofenbar.at\/index.php\/wp-json\/wp\/v2\/types\/page"}],"author":[{"embeddable":true,"href":"https:\/\/www.ofenbar.at\/index.php\/wp-json\/wp\/v2\/users\/1"}],"replies":[{"embeddable":true,"href":"https:\/\/www.ofenbar.at\/index.php\/wp-json\/wp\/v2\/comments?post=47"}],"version-history":[{"count":19,"href":"https:\/\/www.ofenbar.at\/index.php\/wp-json\/wp\/v2\/pages\/47\/revisions"}],"predecessor-version":[{"id":648,"href":"https:\/\/www.ofenbar.at\/index.php\/wp-json\/wp\/v2\/pages\/47\/revisions\/648"}],"wp:attachment":[{"href":"https:\/\/www.ofenbar.at\/index.php\/wp-json\/wp\/v2\/media?parent=47"}],"curies":[{"name":"wp","href":"https:\/\/api.w.org\/{rel}","templated":true}]}}